{"id":1224,"date":"2026-03-18T17:05:28","date_gmt":"2026-03-18T16:05:28","guid":{"rendered":"https:\/\/val-david.alabordage.ca\/en\/?page_id=1224"},"modified":"2026-03-18T17:06:16","modified_gmt":"2026-03-18T16:06:16","slug":"lodging","status":"publish","type":"page","link":"https:\/\/val-david.alabordage.ca\/en\/lodging\/","title":{"rendered":"Lodging"},"content":{"rendered":"<div   class=\"wtrSht wtrStandardRow wtrShtBoxedWidth wtrNoAboveMenuRow wtrNoAutoHeightColumns  vc_custom_1526405092619\"  ><div class=\"wtrSht \" style=\"background-color: #ffffff;\" ><div class=\"wtrPageContent vcRow wtrMargin clearfix\">\n\t<div  class=\"wtrStandardColumn  wtrNoRoundedCornersColumn vc_col-sm-12 wpb_column vc_column_container \"  >\n\t\t<div  class=\"wpb_wrapper  \">\n\t\t\t[vc_custom_heading text=&#8221;Lodging&#8221; font_container=&#8221;tag:h1|text_align:left|color:%230eaea8&#8243; use_theme_fonts=&#8221;yes&#8221;]\n\t\t<\/div> \n\t<\/div> <\/div><\/div><\/div><div   class=\"wtrSht wtrStandardRow wtrShtBoxedWidth wtrNoAboveMenuRow wtrNoAutoHeightColumns  vc_custom_1526405114799\"  ><div class=\"wtrSht \" style=\"background-color: #ffffff;\" ><div class=\"wtrPageContent vcRow wtrMargin clearfix\">\n\t<div  class=\"wtrStandardColumn vc_col-sm-4 wtrNoRoundedCornersColumn vc_col-sm-12 wpb_column vc_column_container \"  >\n\t\t<div  class=\"wpb_wrapper  \">\n\t\t\t[vc_single_image image=&#8221;1847&#8243; img_size=&#8221;medium&#8221; alignment=&#8221;center&#8221; style=&#8221;vc_box_rounded&#8221; onclick=&#8221;link_image&#8221;]\n\t\t<\/div> \n\t<\/div> \n\t<div  class=\"wtrStandardColumn vc_col-sm-8 wtrNoRoundedCornersColumn vc_col-sm-12 wpb_column vc_column_container \"  >\n\t\t<div  class=\"wpb_wrapper  \">\n\t\t\t\n\t<div class=\"wpb_text_column wpb_content_element \" >\n\t\t<div class=\"wpb_wrapper\">\n\t\t\t<p><strong>Auberge Spa Beaux R\u00eaves<\/strong><br \/>\n<a href=\"http:\/\/aubergeduvieuxfoyer.com\/\" target=\"_blank\" rel=\"noopener\">https:\/\/www.beauxreves.com\/<\/a><\/p>\n<pre><strong>Auberge \u00e0 Ste-Ad\u00e8le, Laurentides<\/strong><\/pre>\n<p>Venez vivre une exp\u00e9rience unique au bord d\u2019une splendide rivi\u00e8re \u00e0 l\u2019auberge et spa Beaux R\u00eaves dans les Laurentides!<\/p>\n<p>SPA Laurentides par excellence. Auberge et spa Beaux R\u00eaves est une chaleureuse auberge et un spa de jour consid\u00e9r\u00e9s par nos invit\u00e9s comme un v\u00e9ritable petit bijou cach\u00e9 au c\u0153ur des Laurentides. Nous sommes situ\u00e9s \u00e0 Ste-Ad\u00e8le, \u00e0 moins d\u2019une heure au nord de Montr\u00e9al.<\/p>\n\n\t\t<\/div> \n\t<\/div> \n\t\t<\/div> \n\t<\/div> <\/div><\/div><\/div><div   class=\"wtrSht wtrStandardRow wtrShtBoxedWidth wtrNoAboveMenuRow wtrNoAutoHeightColumns  vc_custom_1526405114799\"  ><div class=\"wtrSht \" style=\"background-color: #ffffff;\" ><div class=\"wtrPageContent vcRow wtrMargin clearfix\">\n\t<div  class=\"wtrStandardColumn vc_col-sm-4 wtrNoRoundedCornersColumn vc_col-sm-12 wpb_column vc_column_container \"  >\n\t\t<div  class=\"wpb_wrapper  \">\n\t\t\t[vc_single_image image=&#8221;1848&#8243; img_size=&#8221;medium&#8221; alignment=&#8221;center&#8221; style=&#8221;vc_box_rounded&#8221; onclick=&#8221;link_image&#8221;]\n\t\t<\/div> \n\t<\/div> \n\t<div  class=\"wtrStandardColumn vc_col-sm-8 wtrNoRoundedCornersColumn vc_col-sm-12 wpb_column vc_column_container \"  >\n\t\t<div  class=\"wpb_wrapper  \">\n\t\t\t\n\t<div class=\"wpb_text_column wpb_content_element \" >\n\t\t<div class=\"wpb_wrapper\">\n\t\t\t<p><b>Ch\u00e2teau Ste-Ad\u00e8le<\/b><br \/>\n<a href=\"http:\/\/aubergeduvieuxfoyer.com\/\" target=\"_blank\" rel=\"noopener\">http:\/\/www.chateausainteadele.com\/<\/a><\/p>\n<pre><strong>H\u00f4tel \u00e0 Ste-Ad\u00e8le, Laurentides<\/strong><\/pre>\n<h2>Une retraite en nature!<\/h2>\n<p>Boutique-h\u00f4tel ou Auberge dans les Laurentides, une destination abordable pour un voyage en amoureux, une lune de miel ou un anniversaire de mariage. Pour vos week-ends de filles ou week-end m\u00e8re-fille, le centre de sant\u00e9, petit Spa Nordique offre massages, soins esth\u00e9tiques, massoth\u00e9rapie, faciale, enveloppement et exfoliation.<\/p>\n<p>Vous y trouverez une piscine int\u00e9rieure, des jacuzzis, des saunas, des foyers, un bar, un restaurant, le petit-d\u00e9jeuner\u00a0est offert aux invit\u00e9s et le stationnement est s\u00e9curis\u00e9.<\/p>\n\n\t\t<\/div> \n\t<\/div> \n\t\t<\/div> \n\t<\/div> <\/div><\/div><\/div><div   class=\"wtrSht wtrStandardRow wtrShtBoxedWidth wtrNoAboveMenuRow wtrNoAutoHeightColumns  vc_custom_1526405114799\"  ><div class=\"wtrSht \" style=\"background-color: #ffffff;\" ><div class=\"wtrPageContent vcRow wtrMargin clearfix\">\n\t<div  class=\"wtrStandardColumn vc_col-sm-4 wtrNoRoundedCornersColumn vc_col-sm-12 wpb_column vc_column_container \"  >\n\t\t<div  class=\"wpb_wrapper  \">\n\t\t\t[vc_single_image image=&#8221;2352&#8243; img_size=&#8221;medium&#8221; alignment=&#8221;center&#8221; style=&#8221;vc_box_rounded&#8221; onclick=&#8221;link_image&#8221;]\n\t\t<\/div> \n\t<\/div> \n\t<div  class=\"wtrStandardColumn vc_col-sm-8 wtrNoRoundedCornersColumn vc_col-sm-12 wpb_column vc_column_container \"  >\n\t\t<div  class=\"wpb_wrapper  \">\n\t\t\t\n\t<div class=\"wpb_text_column wpb_content_element \" >\n\t\t<div class=\"wpb_wrapper\">\n\t\t\t<p><b>Super 8 Ste-Agathe<\/b><\/p>\n<p><a href=\"http:\/\/www.super8steagathe.com\/\">http:\/\/www.super8steagathe.com\/<\/a><\/p>\n<pre><strong>H\u00f4tel \u00e0 Ste-Agathe, Laurentides<\/strong><\/pre>\n<div class=\"title title-center\">\n<p class=\"subtitle red-text text-darken-3 w-700\">LA CHAMBRE PARFAITE POUR VOUS!<\/p>\n<\/div>\n<p>Choix parfait pour les s\u00e9jours par affaires ou par plaisir l&#8217;H\u00f4tel Super 8 de Sainte-Agathe offre un d\u00e9cor unique dans un paysage splendide; tout pour vous procurer une exp\u00e9rience rafra\u00eechissante alli\u00e9e \u00e0 un service convivial. Une salle de conf\u00e9rence est mise \u00e0 votre disposition munie d\u2019un acc\u00e8s Internet haute vitesse sans fil gratuit, cette salle peut accueillir de 30 \u00e0 40 personnes selon la configuration. Des chambres d\u00e9cor\u00e9es au go\u00fbt du jour, un Super d\u00e9jeuner de d\u00e9part et plusieurs autres services forts utiles sont \u00e9galement compris.<\/p>\n\n\t\t<\/div> \n\t<\/div> \n\t\t<\/div> \n\t<\/div> <\/div><\/div><\/div><div   class=\"wtrSht wtrStandardRow wtrShtBoxedWidth wtrNoAboveMenuRow wtrNoAutoHeightColumns  vc_custom_1526398637745\"  ><div class=\"wtrSht \" style=\"background-color: #ffffff;\" ><div class=\"wtrPageContent vcRow wtrMargin clearfix\">\n\t<div  class=\"wtrStandardColumn  wtrNoRoundedCornersColumn vc_col-sm-12 wpb_column vc_column_container \"  >\n\t\t<div  class=\"wpb_wrapper  \">\n\t\t\t[vc_empty_space height=&#8221;30px&#8221;]\n\t\t<\/div> \n\t<\/div> <\/div><\/div><\/div>\n","protected":false},"excerpt":{"rendered":"[vc_custom_heading text=\"Lodging\" font_container=\"tag:h1|text_align:left|color:%230eaea8\" use_theme_fonts=\"yes\"] [vc_single_image image=\"1847\" img_size=\"medium\" alignment=\"center\" style=\"vc_box_rounded\" onclick=\"link_image\"] Auberge Spa Beaux R\u00eaves https:\/\/www.beauxreves.com\/ Auberge \u00e0 Ste-Ad\u00e8le, Laurentides Venez vivre une exp\u00e9rience unique au bord d\u2019une splendide rivi\u00e8re \u00e0 l\u2019auberge et spa Beaux R\u00eaves dans les Laurentides! SPA Laurentides par excellence. Auberge et spa Beaux R\u00eaves est une chaleureuse auberge et un spa de jour consid\u00e9r\u00e9s par nos invit\u00e9s comme un v\u00e9ritable petit bijou cach\u00e9 au c\u0153ur des Laurentides. Nous sommes situ\u00e9s \u00e0 Ste-Ad\u00e8le, \u00e0 moins d\u2019une heure au nord de Montr\u00e9al. [vc_single_image image=\"1848\" img_size=\"medium\" alignment=\"center\" style=\"vc_box_rounded\" onclick=\"link_image\"] Ch\u00e2teau Ste-Ad\u00e8le http:\/\/www.chateausainteadele.com\/ H\u00f4tel \u00e0 Ste-Ad\u00e8le, Laurentides Une retraite en nature! Boutique-h\u00f4tel ou Auberge dans les Laurentides, une destination abordable pour un voyage en amoureux, une lune de miel ou un anniversaire de mariage. Pour vos week-ends de filles ou week-end m\u00e8re-fille, le centre de sant\u00e9, petit Spa Nordique offre massages, soins esth\u00e9tiques, massoth\u00e9rapie, faciale, enveloppement et exfoliation. Vous y trouverez une piscine int\u00e9rieure, des jacuzzis, des saunas, des foyers, un bar, un restaurant, le petit-d\u00e9jeuner\u00a0est offert aux invit\u00e9s et le stationnement est s\u00e9curis\u00e9. [vc_single_image image=\"2352\" img_size=\"medium\" alignment=\"center\" style=\"vc_box_rounded\" onclick=\"link_image\"] Super 8 Ste-Agathe http:\/\/www.super8steagathe.com\/ H\u00f4tel \u00e0 Ste-Agathe, Laurentides LA CHAMBRE PARFAITE POUR VOUS! Choix parfait pour les s\u00e9jours par affaires ou par plaisir l'H\u00f4tel Super 8 de Sainte-Agathe offre un d\u00e9cor unique dans un paysage splendide; tout pour vous procurer une exp\u00e9rience rafra\u00eechissante alli\u00e9e \u00e0 un service convivial. Une salle de conf\u00e9rence est mise \u00e0 votre disposition munie d\u2019un acc\u00e8s Internet haute vitesse sans fil gratuit, cette salle peut accueillir de 30 \u00e0 40 personnes selon la configuration. Des chambres d\u00e9cor\u00e9es au go\u00fbt du jour, un Super d\u00e9jeuner de d\u00e9part et plusieurs autres services forts utiles sont \u00e9galement compris. [vc_empty_space height=\"30px\"]","protected":false},"author":2,"featured_media":0,"parent":0,"menu_order":10,"comment_status":"closed","ping_status":"closed","template":"","meta":{"footnotes":""},"class_list":["post-1224","page","type-page","status-publish","hentry"],"yoast_head":"<!-- This site is optimized with the Yoast SEO plugin v27.3 - https:\/\/yoast.com\/product\/yoast-seo-wordpress\/ -->\n<title>Lodging - Val-david<\/title>\n<meta name=\"robots\" content=\"index, follow, max-snippet:-1, max-image-preview:large, max-video-preview:-1\" \/>\n<link rel=\"canonical\" href=\"https:\/\/val-david.alabordage.ca\/en\/lodging\/\" \/>\n<meta property=\"og:locale\" content=\"en_US\" \/>\n<meta property=\"og:type\" content=\"article\" \/>\n<meta property=\"og:title\" content=\"Lodging - Val-david\" \/>\n<meta property=\"og:url\" content=\"https:\/\/val-david.alabordage.ca\/en\/lodging\/\" \/>\n<meta property=\"og:site_name\" content=\"Val-david\" \/>\n<meta property=\"article:modified_time\" content=\"2026-03-18T16:06:16+00:00\" \/>\n<meta name=\"twitter:card\" content=\"summary_large_image\" \/>\n<meta name=\"twitter:label1\" content=\"Est. reading time\" \/>\n\t<meta name=\"twitter:data1\" content=\"2 minutes\" \/>\n<script type=\"application\/ld+json\" class=\"yoast-schema-graph\">{\"@context\":\"https:\\\/\\\/schema.org\",\"@graph\":[{\"@type\":\"WebPage\",\"@id\":\"https:\\\/\\\/val-david.alabordage.ca\\\/en\\\/lodging\\\/\",\"url\":\"https:\\\/\\\/val-david.alabordage.ca\\\/en\\\/lodging\\\/\",\"name\":\"Lodging - Val-david\",\"isPartOf\":{\"@id\":\"https:\\\/\\\/val-david.alabordage.ca\\\/#website\"},\"datePublished\":\"2026-03-18T16:05:28+00:00\",\"dateModified\":\"2026-03-18T16:06:16+00:00\",\"breadcrumb\":{\"@id\":\"https:\\\/\\\/val-david.alabordage.ca\\\/en\\\/lodging\\\/#breadcrumb\"},\"inLanguage\":\"en-US\",\"potentialAction\":[{\"@type\":\"ReadAction\",\"target\":[\"https:\\\/\\\/val-david.alabordage.ca\\\/en\\\/lodging\\\/\"]}]},{\"@type\":\"BreadcrumbList\",\"@id\":\"https:\\\/\\\/val-david.alabordage.ca\\\/en\\\/lodging\\\/#breadcrumb\",\"itemListElement\":[{\"@type\":\"ListItem\",\"position\":1,\"name\":\"Accueil\",\"item\":\"https:\\\/\\\/val-david.alabordage.ca\\\/\"},{\"@type\":\"ListItem\",\"position\":2,\"name\":\"Lodging\"}]},{\"@type\":\"WebSite\",\"@id\":\"https:\\\/\\\/val-david.alabordage.ca\\\/#website\",\"url\":\"https:\\\/\\\/val-david.alabordage.ca\\\/\",\"name\":\"Val-david\",\"description\":\"Un site utilisant \u00c0 l'abordage sites Web\",\"potentialAction\":[{\"@type\":\"SearchAction\",\"target\":{\"@type\":\"EntryPoint\",\"urlTemplate\":\"https:\\\/\\\/val-david.alabordage.ca\\\/?s={search_term_string}\"},\"query-input\":{\"@type\":\"PropertyValueSpecification\",\"valueRequired\":true,\"valueName\":\"search_term_string\"}}],\"inLanguage\":\"en-US\"}]}<\/script>\n<!-- \/ Yoast SEO plugin. -->","yoast_head_json":{"title":"Lodging - Val-david","robots":{"index":"index","follow":"follow","max-snippet":"max-snippet:-1","max-image-preview":"max-image-preview:large","max-video-preview":"max-video-preview:-1"},"canonical":"https:\/\/val-david.alabordage.ca\/en\/lodging\/","og_locale":"en_US","og_type":"article","og_title":"Lodging - Val-david","og_url":"https:\/\/val-david.alabordage.ca\/en\/lodging\/","og_site_name":"Val-david","article_modified_time":"2026-03-18T16:06:16+00:00","twitter_card":"summary_large_image","twitter_misc":{"Est. reading time":"2 minutes"},"schema":{"@context":"https:\/\/schema.org","@graph":[{"@type":"WebPage","@id":"https:\/\/val-david.alabordage.ca\/en\/lodging\/","url":"https:\/\/val-david.alabordage.ca\/en\/lodging\/","name":"Lodging - Val-david","isPartOf":{"@id":"https:\/\/val-david.alabordage.ca\/#website"},"datePublished":"2026-03-18T16:05:28+00:00","dateModified":"2026-03-18T16:06:16+00:00","breadcrumb":{"@id":"https:\/\/val-david.alabordage.ca\/en\/lodging\/#breadcrumb"},"inLanguage":"en-US","potentialAction":[{"@type":"ReadAction","target":["https:\/\/val-david.alabordage.ca\/en\/lodging\/"]}]},{"@type":"BreadcrumbList","@id":"https:\/\/val-david.alabordage.ca\/en\/lodging\/#breadcrumb","itemListElement":[{"@type":"ListItem","position":1,"name":"Accueil","item":"https:\/\/val-david.alabordage.ca\/"},{"@type":"ListItem","position":2,"name":"Lodging"}]},{"@type":"WebSite","@id":"https:\/\/val-david.alabordage.ca\/#website","url":"https:\/\/val-david.alabordage.ca\/","name":"Val-david","description":"Un site utilisant \u00c0 l'abordage sites Web","potentialAction":[{"@type":"SearchAction","target":{"@type":"EntryPoint","urlTemplate":"https:\/\/val-david.alabordage.ca\/?s={search_term_string}"},"query-input":{"@type":"PropertyValueSpecification","valueRequired":true,"valueName":"search_term_string"}}],"inLanguage":"en-US"}]}},"_links":{"self":[{"href":"https:\/\/val-david.alabordage.ca\/en\/wp-json\/wp\/v2\/pages\/1224","targetHints":{"allow":["GET"]}}],"collection":[{"href":"https:\/\/val-david.alabordage.ca\/en\/wp-json\/wp\/v2\/pages"}],"about":[{"href":"https:\/\/val-david.alabordage.ca\/en\/wp-json\/wp\/v2\/types\/page"}],"author":[{"embeddable":true,"href":"https:\/\/val-david.alabordage.ca\/en\/wp-json\/wp\/v2\/users\/2"}],"replies":[{"embeddable":true,"href":"https:\/\/val-david.alabordage.ca\/en\/wp-json\/wp\/v2\/comments?post=1224"}],"version-history":[{"count":2,"href":"https:\/\/val-david.alabordage.ca\/en\/wp-json\/wp\/v2\/pages\/1224\/revisions"}],"predecessor-version":[{"id":2423,"href":"https:\/\/val-david.alabordage.ca\/en\/wp-json\/wp\/v2\/pages\/1224\/revisions\/2423"}],"wp:attachment":[{"href":"https:\/\/val-david.alabordage.ca\/en\/wp-json\/wp\/v2\/media?parent=1224"}],"curies":[{"name":"wp","href":"https:\/\/api.w.org\/{rel}","templated":true}]}}