{"id":1886,"date":"2022-07-12T14:08:35","date_gmt":"2022-07-12T13:08:35","guid":{"rendered":"https:\/\/val-david.alabordage.ca\/location-a-lheure-dembarcations-au-lac-raymond\/"},"modified":"2026-03-18T18:42:48","modified_gmt":"2026-03-18T17:42:48","slug":"sup-boat-rentals-at-lac-raymond","status":"publish","type":"page","link":"https:\/\/val-david.alabordage.ca\/en\/sup-boat-rentals-at-lac-raymond\/","title":{"rendered":"SUP\/boat rentals at Lac Raymond"},"content":{"rendered":"<div class=\"wtrNoItemStream wtrShtAlertBox wtrRadius3\"><h6 class=\"wtrNoItemStreamHeadline\">THIS TYPE OF ROW DOESN\u2019T WORK ON A PAGE WITH A SIDEBAR. PLEASE CHANGE THE TYPE OF ROW TO BOXED OR REMOVE THE SIDEBAR.<\/h6><\/div><div class=\"wtrNoItemStream wtrShtAlertBox wtrRadius3\"><h6 class=\"wtrNoItemStreamHeadline\">THIS TYPE OF ROW DOESN\u2019T WORK ON A PAGE WITH A SIDEBAR. PLEASE CHANGE THE TYPE OF ROW TO BOXED OR REMOVE THE SIDEBAR.<\/h6><\/div><div id=\"3\"  class=\"wtrSht wtrStandardRow wtrShtBoxedWidth wtrNoAboveMenuRow wtrNoAutoHeightColumns  \"  ><div class=\"wtrSht \" style=\"background-color: #ffffff;\" ><div class=\"wtrPageContent vcRow wtrMargin clearfix\">\n\t<div  class=\"wtrStandardColumn  wtrNoRoundedCornersColumn vc_col-sm-12 wpb_column vc_column_container \"  >\n\t\t<div  class=\"wpb_wrapper  vc_hidden-xs\">\n\t\t\t[vc_empty_space height=&#8221;70px&#8221;]\n\t\t<\/div> \n\t<\/div> <\/div><\/div><\/div><div id=\"4\"  class=\"wtrSht wtrStandardRow wtrShtBoxedWidth wtrNoAboveMenuRow wtrNoAutoHeightColumns  \"  ><div class=\"wtrSht \" style=\"background-color: #ffffff;\" ><div class=\"wtrPageContent vcRow wtrMargin clearfix\">\n\t<div  class=\"wtrStandardColumn  wtrNoRoundedCornersColumn vc_col-sm-12 wpb_column vc_column_container \"  >\n\t\t<div  class=\"wpb_wrapper  \">\n\t\t\t\n\t<div class=\"wpb_text_column wpb_content_element \" >\n\t\t<div class=\"wpb_wrapper\">\n\t\t\t<h1><span style=\"color: #0eaea8;\">SUP\/boat rentals at Lac Raymond<\/span><\/h1>\n\n\t\t<\/div> \n\t<\/div> \n\t<div class=\"wpb_text_column wpb_content_element  wtrOpacityNone  wtr_animate \" data-animate=\"fadeIn\"  data-animate-delay=\"0\" >\n\t\t<div class=\"wpb_wrapper\">\n\t\t\t<p><b>\u00c0<\/b><strong> L\u2019ABORDAGE<\/strong> provides hourly boat rentals (SUP, kayak &amp; canoe) from our point of service at lac Raymond in Val-Morin.<\/p>\n<h3><\/h3>\n<h3><span style=\"color: #008080;\"><strong>Rental schedule for boats at Lac Raymond<\/strong><\/span><\/h3>\n<ul>\n<li><b>May 30\u00a0 to June 14, 2026: <\/b>Saturday and Sunday only.<br \/>\nUsually available from 12 pm to 4:30 pm<\/li>\n<\/ul>\n<ul>\n<li><strong>June 20 to September 7, 2026: <\/strong>Open 7 days a week. 11:30\u00a0 am to 5 pm.<\/li>\n<\/ul>\n<ul>\n<li><strong>September 12-13, 2026<\/strong>: Open 12 pm to 4 pm<\/li>\n<\/ul>\n<p>&nbsp;<\/p>\n<p><strong>Attention : We do not take reservations for our rentals at lac Raymond.<\/strong><\/p>\n<p>&nbsp;<\/p>\n<p>Unfortunately, we do not have debit services at lac Raymond, therefore it is cash only.<\/p>\n<p>As well, we do not accept 50$ or 100$ bills.<br \/>\nA government issued photo ID is required to rent a boat.<\/p>\n<p>\u201cRiver excursions in a canoe or a kayak with the return by bicycle\u201d ( <a href=\"https:\/\/val-david.alabordage.ca\/en\/package-canoe-kayak-bike\/\">packages<\/a> ) are available from Val-David.<\/p>\n\n\t\t<\/div> \n\t<\/div> \n\t\t<\/div> \n\t<\/div> \n\t<div  class=\"wtrStandardColumn  wtrNoRoundedCornersColumn vc_col-sm-12 wpb_column vc_column_container \"  >\n\t\t<div  class=\"wpb_wrapper  \">\n\t\t\t\n\t\t<\/div> \n\t<\/div> <\/div><\/div><\/div><div id=\"5\"  class=\"wtrSht wtrStandardRow wtrShtBoxedWidth wtrNoAboveMenuRow wtrNoAutoHeightColumns  \"  ><div class=\"wtrSht \" style=\"background-color: #ffffff;\" ><div class=\"wtrPageContent vcRow wtrMargin clearfix\">\n\t<div  class=\"wtrStandardColumn  wtrNoRoundedCornersColumn vc_col-sm-12 wpb_column vc_column_container \"  >\n\t\t<div  class=\"wpb_wrapper  \">\n\t\t\t[vc_empty_space height=&#8221;50px&#8221;]\n\t\t<\/div> \n\t<\/div> <\/div><\/div><\/div><div id=\"6\"  class=\"wtrSht wtrStandardRow wtrShtBoxedWidth wtrNoAboveMenuRow wtrNoAutoHeightColumns  vc_custom_1487878438559\"  ><div class=\"wtrSht \" style=\"background-color: #ffffff;\" ><div class=\"wtrPageContent vcRow wtrMargin clearfix\">\n\t<div  class=\"wtrStandardColumn vc_col-sm-6 wtrNoRoundedCornersColumn vc_col-sm-12 wpb_column vc_column_container \"  >\n\t\t<div style=\"background-color: #f4feff;\" class=\"wpb_wrapper  vc_custom_1495544094747  \">\n\t\t\t[vc_single_image image=&#8221;1911&#8243; img_size=&#8221;750&#215;500&#8243; alignment=&#8221;center&#8221; css_animation=&#8221;bottom-to-top&#8221; css=&#8221;.vc_custom_1657645815419{margin-top: -30px !important;margin-right: -30px !important;margin-left: -30px !important;}&#8221;][vc_custom_heading text=&#8221;SUP &#8211; KAYAK &#8211; CANOE&#8221; font_container=&#8221;tag:h3|text_align:left|color:%23000000&#8243; use_theme_fonts=&#8221;yes&#8221; css=&#8221;.vc_custom_1657645691520{margin-top: -10px !important;margin-bottom: 10px !important;}&#8221;][vc_separator color=&#8221;custom&#8221; style=&#8221;dashed&#8221; css=&#8221;.vc_custom_1462301098777{margin-bottom: 10px !important;margin-left: 0px !important;}&#8221; accent_color=&#8221;#dddddd&#8221;]\n\t<div class=\"wpb_text_column wpb_content_element \" >\n\t\t<div class=\"wpb_wrapper\">\n\t\t\t<div class=\"wpb_text_column wpb_content_element \">\n<div class=\"wpb_wrapper\">\n<p><strong>Pricing:<\/strong><\/p>\n<p><strong>$ 15 \/ h<\/strong> for SUP or single kayak<\/p>\n<p><strong>$ 30 \/ h<\/strong> for canoe (or double kayak <em>if available<\/em>)<\/p>\n<p>Prices do include taxes.<br \/>\nAll our rentals include life vest (must be worn at all times) and paddle. The client is responsible for all the rental equipment.<em><br \/>\n<\/em><\/p>\n<\/div>\n<\/div>\n\n\t\t<\/div> \n\t<\/div> \n\t\t<\/div> \n\t<\/div> <\/div><\/div><\/div><div id=\"9\"  class=\"wtrSht wtrStandardRow wtrShtBoxedWidth wtrNoAboveMenuRow wtrNoAutoHeightColumns  \"  ><div class=\"wtrSht \" style=\"background-color: #ffffff;\" ><div class=\"wtrPageContent vcRow wtrMargin clearfix\">\n\t<div  class=\"wtrStandardColumn  wtrNoRoundedCornersColumn vc_col-sm-12 wpb_column vc_column_container \"  >\n\t\t<div  class=\"wpb_wrapper  vc_hidden-xs\">\n\t\t\t[vc_empty_space height=&#8221;30px&#8221;]\n\t\t<\/div> \n\t<\/div> <\/div><\/div><\/div>\n","protected":false},"excerpt":{"rendered":"THIS TYPE OF ROW DOESN\u2019T WORK ON A PAGE WITH A SIDEBAR. PLEASE CHANGE THE TYPE OF ROW TO BOXED OR REMOVE THE SIDEBAR.THIS TYPE OF ROW DOESN\u2019T WORK ON A PAGE WITH A SIDEBAR. PLEASE CHANGE THE TYPE OF ROW TO BOXED OR REMOVE THE SIDEBAR. [vc_empty_space height=\"70px\"] SUP\/boat rentals at Lac Raymond \u00c0 L\u2019ABORDAGE provides hourly boat rentals (SUP, kayak &amp; canoe) from our point of service at lac Raymond in Val-Morin. Rental schedule for boats at Lac Raymond May 30\u00a0 to June 14, 2026: Saturday and Sunday only. Usually available from 12 pm to 4:30 pm June 20 to September 7, 2026: Open 7 days a week. 11:30\u00a0 am to 5 pm. September 12-13, 2026: Open 12 pm to 4 pm &nbsp; Attention : We do not take reservations for our rentals at lac Raymond. &nbsp; Unfortunately, we do not have debit services at lac Raymond, therefore it is cash only. As well, we do not accept 50$ or 100$ bills. A government issued photo ID is required to rent a boat. \u201cRiver excursions in a canoe or a kayak with the return by bicycle\u201d ( packages ) are available from Val-David. [vc_empty_space height=\"50px\"] [vc_single_image image=\"1911\" img_size=\"750x500\" alignment=\"center\" css_animation=\"bottom-to-top\" css=\".vc_custom_1657645815419{margin-top: -30px !important;margin-right: -30px !important;margin-left: -30px !important;}\"][vc_custom_heading text=\"SUP - KAYAK - CANOE\" font_container=\"tag:h3|text_align:left|color:%23000000\" use_theme_fonts=\"yes\" css=\".vc_custom_1657645691520{margin-top: -10px !important;margin-bottom: 10px !important;}\"][vc_separator color=\"custom\" style=\"dashed\" css=\".vc_custom_1462301098777{margin-bottom: 10px !important;margin-left: 0px !important;}\" accent_color=\"#dddddd\"] Pricing: $ 15 \/ h for SUP or single kayak $ 30 \/ h for canoe (or double kayak if available) Prices do include taxes. All our rentals include life vest (must be worn at all times) and paddle. The client is responsible for all the rental equipment. [vc_empty_space height=\"30px\"]","protected":false},"author":1,"featured_media":0,"parent":0,"menu_order":3,"comment_status":"closed","ping_status":"closed","template":"","meta":{"footnotes":""},"class_list":["post-1886","page","type-page","status-publish","hentry"],"yoast_head":"<!-- This site is optimized with the Yoast SEO plugin v27.3 - https:\/\/yoast.com\/product\/yoast-seo-wordpress\/ -->\n<title>Location &amp; tarifs - Canot Kayak Velo - \u00c0 l&#039;abordage<\/title>\n<meta name=\"description\" content=\"Location et tarifs. Canot, kayak, v\u00e9lo \u00e0 Val-David et Val-Morin \/ Piste cyclable Le p\u2019tit train du Nord). Rivi\u00e8re du Nord. Activit\u00e9s plein air Laurentides.\" \/>\n<meta name=\"robots\" content=\"index, follow, max-snippet:-1, max-image-preview:large, max-video-preview:-1\" \/>\n<link rel=\"canonical\" href=\"https:\/\/val-david.alabordage.ca\/en\/sup-boat-rentals-at-lac-raymond\/\" \/>\n<meta property=\"og:locale\" content=\"en_US\" \/>\n<meta property=\"og:type\" content=\"article\" \/>\n<meta property=\"og:title\" content=\"Location &amp; tarifs - Canot Kayak Velo - \u00c0 l&#039;abordage\" \/>\n<meta property=\"og:description\" content=\"Location et tarifs. Canot, kayak, v\u00e9lo \u00e0 Val-David et Val-Morin \/ Piste cyclable Le p\u2019tit train du Nord). Rivi\u00e8re du Nord. Activit\u00e9s plein air Laurentides.\" \/>\n<meta property=\"og:url\" content=\"https:\/\/val-david.alabordage.ca\/en\/sup-boat-rentals-at-lac-raymond\/\" \/>\n<meta property=\"og:site_name\" content=\"Val-david\" \/>\n<meta property=\"article:modified_time\" content=\"2026-03-18T17:42:48+00:00\" \/>\n<meta name=\"twitter:card\" content=\"summary_large_image\" \/>\n<meta name=\"twitter:label1\" content=\"Est. reading time\" \/>\n\t<meta name=\"twitter:data1\" content=\"2 minutes\" \/>\n<script type=\"application\/ld+json\" class=\"yoast-schema-graph\">{\"@context\":\"https:\\\/\\\/schema.org\",\"@graph\":[{\"@type\":\"WebPage\",\"@id\":\"https:\\\/\\\/val-david.alabordage.ca\\\/en\\\/sup-boat-rentals-at-lac-raymond\\\/\",\"url\":\"https:\\\/\\\/val-david.alabordage.ca\\\/en\\\/sup-boat-rentals-at-lac-raymond\\\/\",\"name\":\"Location & tarifs - Canot Kayak Velo - \u00c0 l'abordage\",\"isPartOf\":{\"@id\":\"https:\\\/\\\/val-david.alabordage.ca\\\/#website\"},\"datePublished\":\"2022-07-12T13:08:35+00:00\",\"dateModified\":\"2026-03-18T17:42:48+00:00\",\"description\":\"Location et tarifs. Canot, kayak, v\u00e9lo \u00e0 Val-David et Val-Morin \\\/ Piste cyclable Le p\u2019tit train du Nord). Rivi\u00e8re du Nord. Activit\u00e9s plein air Laurentides.\",\"breadcrumb\":{\"@id\":\"https:\\\/\\\/val-david.alabordage.ca\\\/en\\\/sup-boat-rentals-at-lac-raymond\\\/#breadcrumb\"},\"inLanguage\":\"en-US\",\"potentialAction\":[{\"@type\":\"ReadAction\",\"target\":[\"https:\\\/\\\/val-david.alabordage.ca\\\/en\\\/sup-boat-rentals-at-lac-raymond\\\/\"]}]},{\"@type\":\"BreadcrumbList\",\"@id\":\"https:\\\/\\\/val-david.alabordage.ca\\\/en\\\/sup-boat-rentals-at-lac-raymond\\\/#breadcrumb\",\"itemListElement\":[{\"@type\":\"ListItem\",\"position\":1,\"name\":\"Accueil\",\"item\":\"https:\\\/\\\/val-david.alabordage.ca\\\/\"},{\"@type\":\"ListItem\",\"position\":2,\"name\":\"SUP\\\/boat rentals at Lac Raymond\"}]},{\"@type\":\"WebSite\",\"@id\":\"https:\\\/\\\/val-david.alabordage.ca\\\/#website\",\"url\":\"https:\\\/\\\/val-david.alabordage.ca\\\/\",\"name\":\"Val-david\",\"description\":\"Un site utilisant \u00c0 l'abordage sites Web\",\"potentialAction\":[{\"@type\":\"SearchAction\",\"target\":{\"@type\":\"EntryPoint\",\"urlTemplate\":\"https:\\\/\\\/val-david.alabordage.ca\\\/?s={search_term_string}\"},\"query-input\":{\"@type\":\"PropertyValueSpecification\",\"valueRequired\":true,\"valueName\":\"search_term_string\"}}],\"inLanguage\":\"en-US\"}]}<\/script>\n<!-- \/ Yoast SEO plugin. -->","yoast_head_json":{"title":"Location & tarifs - Canot Kayak Velo - \u00c0 l'abordage","description":"Location et tarifs. Canot, kayak, v\u00e9lo \u00e0 Val-David et Val-Morin \/ Piste cyclable Le p\u2019tit train du Nord). Rivi\u00e8re du Nord. Activit\u00e9s plein air Laurentides.","robots":{"index":"index","follow":"follow","max-snippet":"max-snippet:-1","max-image-preview":"max-image-preview:large","max-video-preview":"max-video-preview:-1"},"canonical":"https:\/\/val-david.alabordage.ca\/en\/sup-boat-rentals-at-lac-raymond\/","og_locale":"en_US","og_type":"article","og_title":"Location & tarifs - Canot Kayak Velo - \u00c0 l'abordage","og_description":"Location et tarifs. Canot, kayak, v\u00e9lo \u00e0 Val-David et Val-Morin \/ Piste cyclable Le p\u2019tit train du Nord). Rivi\u00e8re du Nord. Activit\u00e9s plein air Laurentides.","og_url":"https:\/\/val-david.alabordage.ca\/en\/sup-boat-rentals-at-lac-raymond\/","og_site_name":"Val-david","article_modified_time":"2026-03-18T17:42:48+00:00","twitter_card":"summary_large_image","twitter_misc":{"Est. reading time":"2 minutes"},"schema":{"@context":"https:\/\/schema.org","@graph":[{"@type":"WebPage","@id":"https:\/\/val-david.alabordage.ca\/en\/sup-boat-rentals-at-lac-raymond\/","url":"https:\/\/val-david.alabordage.ca\/en\/sup-boat-rentals-at-lac-raymond\/","name":"Location & tarifs - Canot Kayak Velo - \u00c0 l'abordage","isPartOf":{"@id":"https:\/\/val-david.alabordage.ca\/#website"},"datePublished":"2022-07-12T13:08:35+00:00","dateModified":"2026-03-18T17:42:48+00:00","description":"Location et tarifs. Canot, kayak, v\u00e9lo \u00e0 Val-David et Val-Morin \/ Piste cyclable Le p\u2019tit train du Nord). Rivi\u00e8re du Nord. Activit\u00e9s plein air Laurentides.","breadcrumb":{"@id":"https:\/\/val-david.alabordage.ca\/en\/sup-boat-rentals-at-lac-raymond\/#breadcrumb"},"inLanguage":"en-US","potentialAction":[{"@type":"ReadAction","target":["https:\/\/val-david.alabordage.ca\/en\/sup-boat-rentals-at-lac-raymond\/"]}]},{"@type":"BreadcrumbList","@id":"https:\/\/val-david.alabordage.ca\/en\/sup-boat-rentals-at-lac-raymond\/#breadcrumb","itemListElement":[{"@type":"ListItem","position":1,"name":"Accueil","item":"https:\/\/val-david.alabordage.ca\/"},{"@type":"ListItem","position":2,"name":"SUP\/boat rentals at Lac Raymond"}]},{"@type":"WebSite","@id":"https:\/\/val-david.alabordage.ca\/#website","url":"https:\/\/val-david.alabordage.ca\/","name":"Val-david","description":"Un site utilisant \u00c0 l'abordage sites Web","potentialAction":[{"@type":"SearchAction","target":{"@type":"EntryPoint","urlTemplate":"https:\/\/val-david.alabordage.ca\/?s={search_term_string}"},"query-input":{"@type":"PropertyValueSpecification","valueRequired":true,"valueName":"search_term_string"}}],"inLanguage":"en-US"}]}},"_links":{"self":[{"href":"https:\/\/val-david.alabordage.ca\/en\/wp-json\/wp\/v2\/pages\/1886","targetHints":{"allow":["GET"]}}],"collection":[{"href":"https:\/\/val-david.alabordage.ca\/en\/wp-json\/wp\/v2\/pages"}],"about":[{"href":"https:\/\/val-david.alabordage.ca\/en\/wp-json\/wp\/v2\/types\/page"}],"author":[{"embeddable":true,"href":"https:\/\/val-david.alabordage.ca\/en\/wp-json\/wp\/v2\/users\/1"}],"replies":[{"embeddable":true,"href":"https:\/\/val-david.alabordage.ca\/en\/wp-json\/wp\/v2\/comments?post=1886"}],"version-history":[{"count":3,"href":"https:\/\/val-david.alabordage.ca\/en\/wp-json\/wp\/v2\/pages\/1886\/revisions"}],"predecessor-version":[{"id":2443,"href":"https:\/\/val-david.alabordage.ca\/en\/wp-json\/wp\/v2\/pages\/1886\/revisions\/2443"}],"wp:attachment":[{"href":"https:\/\/val-david.alabordage.ca\/en\/wp-json\/wp\/v2\/media?parent=1886"}],"curies":[{"name":"wp","href":"https:\/\/api.w.org\/{rel}","templated":true}]}}