{"id":2316,"date":"2023-10-13T16:27:20","date_gmt":"2023-10-13T15:27:20","guid":{"rendered":"https:\/\/val-david.alabordage.ca\/declaration-de-confidentialite\/"},"modified":"2023-10-13T18:07:42","modified_gmt":"2023-10-13T17:07:42","slug":"declaration-de-confidentialite","status":"publish","type":"page","link":"https:\/\/val-david.alabordage.ca\/en\/declaration-de-confidentialite\/","title":{"rendered":"Confidentiality declaration"},"content":{"rendered":"\n<h1 class=\"wp-block-heading margin-t-10\">Confidentiality declaration<\/h1>\n\n<!-- Legal document generated by Complianz | GDPR\/CCPA Cookie Consent https:\/\/wordpress.org\/plugins\/complianz-gdpr -->\n<div id=\"cmplz-document\" class=\"cmplz-document privacy-statement cmplz-document-ca\"><p><i>This privacy statement was last changed on 13 October 2023, last checked on 13 October 2023, and applies to citizens and legal permanent residents of Canada.<\/i><br \/><br \/><\/p><p>In this privacy statement, we explain what we do with the data we obtain about you via <a href=\"https:\/\/val-david.alabordage.ca\/en\/\">https:\/\/val-david.alabordage.ca\/en\/<\/a>. We recommend you carefully read this statement. In our processing we comply with the requirements of privacy legislation. That means, among other things, that:<ul>\n                <li>we clearly state the purposes for which we process personal data. We do this by means of this privacy statement;<\/li>\n                <li>we aim to limit our collection of personal data to only the personal data required for legitimate purposes;<\/li>\n                <li>we first request your explicit consent to process your personal data in cases requiring your consent;<\/li>\n                <li>we take appropriate security measures to protect your personal data and also require this from parties that process personal data on our behalf;<\/li>\n                <li>we respect your right to access your personal data or have it corrected or deleted, at your request.<\/li>\n            <\/ul><\/p>If you have any questions, or want to know exactly what data we keep of you, please contact us.<h2>1. Purpose and categories of data<\/h2><p>We may collect or receive personal information for a number of purposes connected with our business operations which may include the following: (click to expand)<\/b><\/p><details class=\"cmplz-dropdown dropdown-privacy-statement\"><summary><div><h3>1.1 Contact &#8211; Through phone, mail, email and\/or webforms<\/h3><\/div><\/summary><p class=\"cmplz-subtitle\">The following categories of data are collected<\/p><p><ul><li>A first and last name<\/li><li>An email address<\/li><li>A telephone number<\/li><li>IP Address<\/li><\/ul><\/p><p class=\"cmplz-subtitle\">Retention period<\/p><p>We retain this data until the service is terminated.<\/p><\/details><details class=\"cmplz-dropdown dropdown-privacy-statement\"><summary><div><h3>1.2 To be able to comply with legal obligations<\/h3><\/div><\/summary><p class=\"cmplz-subtitle\">The following categories of data are collected<\/p><p><ul><li>A first and last name<\/li><li>An email address<\/li><li>A telephone number<\/li><li>IP Address<\/li><\/ul><\/p><p class=\"cmplz-subtitle\">Retention period<\/p><p>We retain this data until the service is terminated.<\/p><\/details><details class=\"cmplz-dropdown dropdown-privacy-statement\"><summary><div><h3>1.3 Compiling and analyzing statistics for website improvement.<\/h3><\/div><\/summary><p class=\"cmplz-subtitle\">The following categories of data are collected<\/p><p><ul><li>An email address<\/li><li>IP Address<\/li><\/ul><\/p><p class=\"cmplz-subtitle\">Retention period<\/p><p>We retain this data until the service is terminated.<\/p><\/details><h2>2. Disclosure practices<\/h2><p><p>We disclose personal information if we are required by law or by a court order, in response to a law enforcement agency, to the extent permitted under other provisions of law, to provide information, or for an investigation on a matter related to public safety.<\/p><p>If our website or organisation is taken over, sold, or involved in a merger or acquisition, your details may be disclosed to our advisers and any prospective purchasers and will be passed on to the new owners.<\/p><\/p><h2>3. How we respond to Do Not Track signals &amp; Global Privacy Control <\/h2><p>Our website does not respond to and does not support the Do Not Track (DNT) header request field.<\/p><h2>4. Cookies<\/h2><p>Our website uses cookies. For more information about cookies, please refer to our Cookie Policy on our <a href=\"https:\/\/val-david.alabordage.ca\/en\/politique-de-cookies-ca\/\">Politique de cookies (CA)<\/a> webpage.&nbsp;<\/p><p>We have concluded a data Processing Agreement with Google.<\/p><p>Google may not use the data for any other Google services.<\/p><p>The inclusion of full IP addresses is blocked by us.<\/p><h2>5. Security<\/h2><p>We are committed to the security of personal data. We take appropriate security measures to limit abuse of and unauthorized access to personal data. This ensures that only the necessary persons have access to your data, that access to the data is protected, and that our security measures are regularly reviewed.<\/p><h2>6. Third party websites<\/h2><p>This privacy statement does not apply to third party websites connected by links on our website. We cannot guarantee that these third parties handle your personal data in a reliable or secure manner. We recommend you read the privacy statements of these websites prior to making use of these websites.<\/p><h2>7. Amendments to this privacy statement<\/h2><p>We reserve the right to make amendments to this privacy statement. It is recommended that you consult this privacy statement regularly in order to be aware of any changes. In addition, we will actively inform you wherever possible.<\/p><h2>8. Accessing and modifying your data<\/h2><p>If you have any questions or want to know which personal data we have about you, please contact us. Please make sure to always clearly state who you are, so that we can be certain that we do not modify or delete any data of the wrong person. We shall provide the requested information only upon receipt of a verifiable consumer request. You can contact us by using the information below.<\/p><p class=\"cmplz-subtitle\">8.1 You have the following rights with respect to your personal data<\/p><ol class=\"alphabetic\">\n                        <li>You may submit a request for access to the data we process about you.<\/li>\n                        <li>You may request an overview, in a commonly used format, of the data we process about you.<\/li>\n                        <li>You may request correction or deletion of the data if it is incorrect or not or no longer relevant. Where appropriate, the amended information shall be transmitted to third parties having access to the information in question.<\/li>\n                        <li>You have the right to withdraw consent at any time, subject to legal or contractual restrictions and reasonable notice. You will be informed of the implications of such withdrawal.<\/li>\n                        <li>You have the right to address a challenge concerning non-compliance with PIPEDA to our organization and, if the issue is not resolved, to the Office of the Privacy Commissioner of Canada.<\/li>\n                        <li>We shall give access to personal information in an alternative format to an individual with a sensory disability who has a right of access to personal information under PIPEDA and who requests that it be transmitted in the alternative format if (a) a version of the information already exists in that format; or (b) its conversion into that format is reasonable and necessary in order for the individual to be able to exercise rights.<\/li>\n                      <\/ol><h2>9. Children<\/h2><p>Our website is not designed to attract children and it is not our intent to collect personal data from children under the age of consent in their country of residence. We therefore request that children under the age of consent do not submit any personal data to us.<\/p><h2>10. Contact details<\/h2><p>\u00c0 l&#8217;abordage<br \/>\n        1340, rue de Saint-Jovite<br \/>\r\nMont-Tremblant, QC J8E 3J9<br \/>\n        Canada<br \/>\n        Website: <a href=\"https:\/\/val-david.alabordage.ca\/en\/\">https:\/\/val-david.alabordage.ca\/en\/<\/a> <br \/>\n        Email: <span class=\"cmplz-obfuscate\">p&#097;&#116;&#114;ic&#101;&#095;&#057;5@<span class=\"cmplz-fmail-domain\">&#101;x.&#099;&#111;&#109;<\/span>h&#111;&#116;&#109;ai&#108;.&#099;&#111;m<\/span> <br \/>\n        <br \/>\n        Phone number: 819-321-7662<\/p><h2>11. Data Requests<\/h2><p>For the most frequently submitted requests, we also offer you the possibility to use our data request form<br \/>\t\t\t<div class=\"cmplz-datarequest cmplz-alert\">\n\t\t\t\t<span class=\"cmplz-close\">&times;<\/span>\n\t\t\t\t<span id=\"cmplz-message\"><\/span>\n\t\t\t<\/div>\n\t\t\t<form id=\"cmplz-datarequest-form\">\n\t\t\t\t<input type=\"hidden\" required value=\"ca\" name=\"cmplz_datarequest_region\" id=\"cmplz_datarequest_region\" >\n\n\t\t\t\t<label for=\"cmplz_datarequest_firstname\" class=\"cmplz-first-name\">Name\t\t\t\t\t<input type=\"search\" class=\"datarequest-firstname\" value=\"\" placeholder=\"your first name\" id=\"cmplz_datarequest_firstname\" name=\"cmplz_datarequest_firstname\" >\n\t\t\t\t<\/label>\n\t\t\t\t<div>\n\t\t\t\t\t<label for=\"cmplz_datarequest_name\">Name<\/label>\n\t\t\t\t\t<input type=\"text\" required value=\"\" placeholder=\"Your name\" id=\"cmplz_datarequest_name\" name=\"cmplz_datarequest_name\">\n\t\t\t\t<\/div>\n\t\t\t\t<div>\n\t\t\t\t\t<label for=\"cmplz_datarequest_email\">Email<\/label>\n\t\t\t\t\t<input type=\"email\" required value=\"\" placeholder=\"email@email.com\" id=\"cmplz_datarequest_email\" name=\"cmplz_datarequest_email\">\n\t\t\t\t<\/div>\n\t\t\t\t\t\t\t\t\t\t<div class=\"cmplz_datarequest cmplz_datarequest_request_for_access\">\n\t\t\t\t\t\t\t<label for=\"cmplz_datarequest_request_for_access\">\n\t\t\t\t\t\t\t\t<input type=\"checkbox\" value=\"1\" name=\"cmplz_datarequest_request_for_access\" id=\"cmplz_datarequest_request_for_access\"\/>\n\t\t\t\t\t\t\t\tSubmit a request for access to the data we process about you.\t\t\t\t\t\t\t<\/label>\n\t\t\t\t\t\t<\/div>\n\t\t\t\t\t\t\t\t\t\t<div class=\"cmplz_datarequest cmplz_datarequest_right_to_be_forgotten\">\n\t\t\t\t\t\t\t<label for=\"cmplz_datarequest_right_to_be_forgotten\">\n\t\t\t\t\t\t\t\t<input type=\"checkbox\" value=\"1\" name=\"cmplz_datarequest_right_to_be_forgotten\" id=\"cmplz_datarequest_right_to_be_forgotten\"\/>\n\t\t\t\t\t\t\t\tSubmit a request for deletion of the data if it is no longer relevant.\t\t\t\t\t\t\t<\/label>\n\t\t\t\t\t\t<\/div>\n\t\t\t\t\t\t\t\t\t\t<div class=\"cmplz_datarequest cmplz_datarequest_right_to_data_portability\">\n\t\t\t\t\t\t\t<label for=\"cmplz_datarequest_right_to_data_portability\">\n\t\t\t\t\t\t\t\t<input type=\"checkbox\" value=\"1\" name=\"cmplz_datarequest_right_to_data_portability\" id=\"cmplz_datarequest_right_to_data_portability\"\/>\n\t\t\t\t\t\t\t\tSubmit a request to receive an export file of the data we process about you.\t\t\t\t\t\t\t<\/label>\n\t\t\t\t\t\t<\/div>\n\t\t\t\t\t\t\t\t<input type=\"button\" id=\"cmplz-datarequest-submit\"  value=\"Send\">\n\t\t\t<\/form>\n\n\t\t\t<style>\n\t\t\t\t\/* first-name is honeypot *\/\n\t\t\t\t.cmplz-first-name {\n\t\t\t\t\tposition: absolute !important;\n\t\t\t\t\tleft: -5000px !important;\n\t\t\t\t}\n\t\t\t<\/style>\n\t\t\t<\/p><p>We have appointed a contact person for the organization\u2019s policies and practices and to whom complaints or inquiries can be forwarded:<br \/>Patrice Choquette<br \/>Courriel : patrice_95@hotmail.com<br \/>\r\nT\u00e9l\u00e9phone : 819-321-7662<br \/>\r\n<\/p><h2>Annex<\/h2><p><h3>WPML<\/h3>\r\n                <p>WPML utilise des cookies pour identifier la langue actuelle du visiteur, la langue derni\u00e8rement consult\u00e9e et la langue des utilisateurs qui se sont connect\u00e9s.<\/p><p>Lorsque vous utilisez le plugin, WPML partagera des donn\u00e9es concernant le site \u00e0 travers Installer. Aucune donn\u00e9e concernant directement l&#8217;utilisateur ne sera partag\u00e9e.<\/p>\r\n            <h3>WPML Translation Management<\/h3>\r\n                La Gestion de traduction WPML enverra l&#8217;adresse e-mail et le nom de chaque gestionnaire et traducteur assign\u00e9 ainsi que les contenus eux-m\u00eames \u00e0 l&#8217;\u00c9diteur de traduction avanc\u00e9 et aux services de traduction utilis\u00e9s.\r\n            <h3>WPML String Translation<\/h3>\r\n                La Traduction de cha\u00eene WPML enverra toutes les cha\u00eenes \u00e0 l&#8217;\u00c9diteur de traduction avanc\u00e9 de WPML et aux services de traduction utilis\u00e9s.\r\n            <h3>Burst Statistics<\/h3>\r\n                <p>Ce site web utilise Burst Statistics, un outil statistique respectueux de la confidentialit\u00e9, pour analyser le comportement des visiteurs. Pour cette fonctionnalit\u00e9, nous (ce site web) recueillons des donn\u00e9es anonymes, stock\u00e9es localement sans les partager avec d\u2019autres parties. Pour plus d\u2019informations, veuillez lire la <a href=\"https:\/\/burst-statistics.com\/legal\/privacy-statement\/\" target=\"_blank\"> D\u00e9claration de confidentialit\u00e9 <\/a> de Burst.<\/p>\r\n\r\n            <h3>Really Simple SSL<\/h3>\r\n                <p>Really Simple SSL et les modules Really Simple SSL ne traitent aucune information personnelle identifiable, de sorte que le RGPD ne s\u2019applique pas \u00e0 ces extensions ou \u00e0 l\u2019utilisation de ces extensions sur votre site web. Vous pouvez trouver notre politique de confidentialit\u00e9 <a href=\"https:\/\/really-simple-ssl.com\/privacy-statement\/\" target=\"_blank\">ici<\/a>.<\/p>\r\n\r\n            <h3>Complianz | The Privacy Suite for WordPress<\/h3>\r\n                <p>Ce site web utilise la Privacy Suite for WordPress de Complianz pour collecter les enregistrements de consentement.&nbsp;Pour cette fonctionnalit\u00e9, votre adresse IP est rendue anonyme et stock\u00e9e dans notre base de donn\u00e9es.&nbsp;Pour plus d\u2019informations, consultez la <a href=\"https:\/\/complianz.io\/privacy-statement\/\" target=\"_blank\">D\u00e9claration de confidentialit\u00e9<\/a> de Complianz.<\/p>\r\n\r\n            <h3>Slider Revolution<\/h3>\r\n                <h2>In case you\u2019re using Google Web Fonts (default) or playing videos or sounds via YouTube or Vimeo in Slider Revolution we recommend to add the corresponding text phrase to your privacy police:<\/h2>\r\n\t\t<h3>YouTube<\/h3> <p>Our website uses plugins from YouTube, which is operated by Google. The operator of the pages is YouTube LLC, 901 Cherry Ave., San Bruno, CA 94066, USA.<\/p> <p>If you visit one of our pages featuring a YouTube plugin, a connection to the YouTube servers is established. Here the YouTube server is informed about which of our pages you have visited.<\/p> <p>If you&#8217;re logged in to your YouTube account, YouTube allows you to associate your browsing behavior directly with your personal profile. You can prevent this by logging out of your YouTube account.<\/p> <p>YouTube is used to help make our website appealing. This constitutes a justified interest pursuant to Art. 6 (1) (f) DSGVO.<\/p> <p>Further information about handling user data, can be found in the data protection declaration of YouTube under <a href=\"https:\/\/www.google.de\/intl\/de\/policies\/privacy\" target=\"_blank\">https:\/\/www.google.de\/intl\/de\/policies\/privacy<\/a>.<\/p>\r\n\t\t<h3>Vimeo<\/h3> <p>Our website uses features provided by the Vimeo video portal. This service is provided by Vimeo Inc., 555 West 18th Street, New York, New York 10011, USA.<\/p> <p>If you visit one of our pages featuring a Vimeo plugin, a connection to the Vimeo servers is established. Here the Vimeo server is informed about which of our pages you have visited. In addition, Vimeo will receive your IP address. This also applies if you are not logged in to Vimeo when you visit our plugin or do not have a Vimeo account. The information is transmitted to a Vimeo server in the US, where it is stored.<\/p> <p>If you are logged in to your Vimeo account, Vimeo allows you to associate your browsing behavior directly with your personal profile. You can prevent this by logging out of your Vimeo account.<\/p> <p>For more information on how to handle user data, please refer to the Vimeo Privacy Policy at <a href=\"https:\/\/vimeo.com\/privacy\" target=\"_blank\">https:\/\/vimeo.com\/privacy<\/a>.<\/p>\r\n\t\t<h3>Google Web Fonts<\/h3> <p>For uniform representation of fonts, this page uses web fonts provided by Google. When you open a page, your browser loads the required web fonts into your browser cache to display texts and fonts correctly.<\/p> <p>For this purpose your browser has to establish a direct connection to Google servers. Google thus becomes aware that our web page was accessed via your IP address. The use of Google Web fonts is done in the interest of a uniform and attractive presentation of our plugin. This constitutes a justified interest pursuant to Art. 6 (1) (f) DSGVO.<\/p> <p>If your browser does not support web fonts, a standard font is used by your computer.<\/p> <p>Further information about handling user data, can be found at <a href=\"https:\/\/developers.google.com\/fonts\/faq\" target=\"_blank\">https:\/\/developers.google.com\/fonts\/faq<\/a> and in Google&#8217;s privacy policy at <a href=\"https:\/\/www.google.com\/policies\/privacy\/\" target=\"_blank\">https:\/\/www.google.com\/policies\/privacy\/<\/a>.<\/p>\r\n\t\t<h3>SoundCloud<\/h3><p>On our pages, plugins of the SoundCloud social network (SoundCloud Limited, Berners House, 47-48 Berners Street, London W1T 3NF, UK) may be integrated. The SoundCloud plugins can be recognized by the SoundCloud logo on our site.<\/p>\r\n\t\t\t<p>When you visit our site, a direct connection between your browser and the SoundCloud server is established via the plugin. This enables SoundCloud to receive information that you have visited our site from your IP address. If you click on the \u201cLike\u201d or \u201cShare\u201d buttons while you are logged into your SoundCloud account, you can link the content of our pages to your SoundCloud profile. This means that SoundCloud can associate visits to our pages with your user account. We would like to point out that, as the provider of these pages, we have no knowledge of the content of the data transmitted or how it will be used by SoundCloud. For more information on SoundCloud\u2019s privacy policy, please go to https:\/\/soundcloud.com\/pages\/privacy.<\/p><p>If you do not want SoundCloud to associate your visit to our site with your SoundCloud account, please log out of your SoundCloud account.<\/p>\r\n            <\/p><\/div>","protected":false},"excerpt":{"rendered":"<p>Confidentiality declaration<\/p>\n","protected":false},"author":1,"featured_media":0,"parent":0,"menu_order":30,"comment_status":"closed","ping_status":"closed","template":"","meta":{"footnotes":""},"class_list":["post-2316","page","type-page","status-publish","hentry"],"yoast_head":"<!-- This site is optimized with the Yoast SEO plugin v27.3 - https:\/\/yoast.com\/product\/yoast-seo-wordpress\/ -->\n<title>Confidentiality declaration - Val-david<\/title>\n<meta name=\"robots\" content=\"index, follow, max-snippet:-1, max-image-preview:large, max-video-preview:-1\" \/>\n<link rel=\"canonical\" href=\"https:\/\/val-david.alabordage.ca\/en\/declaration-de-confidentialite\/\" \/>\n<meta property=\"og:locale\" content=\"en_US\" \/>\n<meta property=\"og:type\" content=\"article\" \/>\n<meta property=\"og:title\" content=\"Confidentiality declaration - Val-david\" \/>\n<meta property=\"og:description\" content=\"Confidentiality declaration\" \/>\n<meta property=\"og:url\" content=\"https:\/\/val-david.alabordage.ca\/en\/declaration-de-confidentialite\/\" \/>\n<meta property=\"og:site_name\" content=\"Val-david\" \/>\n<meta property=\"article:modified_time\" content=\"2023-10-13T17:07:42+00:00\" \/>\n<meta name=\"twitter:card\" content=\"summary_large_image\" \/>\n<meta name=\"twitter:label1\" content=\"Est. reading time\" \/>\n\t<meta name=\"twitter:data1\" content=\"1 minute\" \/>\n<script type=\"application\/ld+json\" class=\"yoast-schema-graph\">{\"@context\":\"https:\\\/\\\/schema.org\",\"@graph\":[{\"@type\":\"WebPage\",\"@id\":\"https:\\\/\\\/val-david.alabordage.ca\\\/en\\\/declaration-de-confidentialite\\\/\",\"url\":\"https:\\\/\\\/val-david.alabordage.ca\\\/en\\\/declaration-de-confidentialite\\\/\",\"name\":\"Confidentiality declaration - Val-david\",\"isPartOf\":{\"@id\":\"https:\\\/\\\/val-david.alabordage.ca\\\/#website\"},\"datePublished\":\"2023-10-13T15:27:20+00:00\",\"dateModified\":\"2023-10-13T17:07:42+00:00\",\"breadcrumb\":{\"@id\":\"https:\\\/\\\/val-david.alabordage.ca\\\/en\\\/declaration-de-confidentialite\\\/#breadcrumb\"},\"inLanguage\":\"en-US\",\"potentialAction\":[{\"@type\":\"ReadAction\",\"target\":[\"https:\\\/\\\/val-david.alabordage.ca\\\/en\\\/declaration-de-confidentialite\\\/\"]}]},{\"@type\":\"BreadcrumbList\",\"@id\":\"https:\\\/\\\/val-david.alabordage.ca\\\/en\\\/declaration-de-confidentialite\\\/#breadcrumb\",\"itemListElement\":[{\"@type\":\"ListItem\",\"position\":1,\"name\":\"Accueil\",\"item\":\"https:\\\/\\\/val-david.alabordage.ca\\\/\"},{\"@type\":\"ListItem\",\"position\":2,\"name\":\"Confidentiality declaration\"}]},{\"@type\":\"WebSite\",\"@id\":\"https:\\\/\\\/val-david.alabordage.ca\\\/#website\",\"url\":\"https:\\\/\\\/val-david.alabordage.ca\\\/\",\"name\":\"Val-david\",\"description\":\"Un site utilisant \u00c0 l'abordage sites Web\",\"potentialAction\":[{\"@type\":\"SearchAction\",\"target\":{\"@type\":\"EntryPoint\",\"urlTemplate\":\"https:\\\/\\\/val-david.alabordage.ca\\\/?s={search_term_string}\"},\"query-input\":{\"@type\":\"PropertyValueSpecification\",\"valueRequired\":true,\"valueName\":\"search_term_string\"}}],\"inLanguage\":\"en-US\"}]}<\/script>\n<!-- \/ Yoast SEO plugin. -->","yoast_head_json":{"title":"Confidentiality declaration - Val-david","robots":{"index":"index","follow":"follow","max-snippet":"max-snippet:-1","max-image-preview":"max-image-preview:large","max-video-preview":"max-video-preview:-1"},"canonical":"https:\/\/val-david.alabordage.ca\/en\/declaration-de-confidentialite\/","og_locale":"en_US","og_type":"article","og_title":"Confidentiality declaration - Val-david","og_description":"Confidentiality declaration","og_url":"https:\/\/val-david.alabordage.ca\/en\/declaration-de-confidentialite\/","og_site_name":"Val-david","article_modified_time":"2023-10-13T17:07:42+00:00","twitter_card":"summary_large_image","twitter_misc":{"Est. reading time":"1 minute"},"schema":{"@context":"https:\/\/schema.org","@graph":[{"@type":"WebPage","@id":"https:\/\/val-david.alabordage.ca\/en\/declaration-de-confidentialite\/","url":"https:\/\/val-david.alabordage.ca\/en\/declaration-de-confidentialite\/","name":"Confidentiality declaration - Val-david","isPartOf":{"@id":"https:\/\/val-david.alabordage.ca\/#website"},"datePublished":"2023-10-13T15:27:20+00:00","dateModified":"2023-10-13T17:07:42+00:00","breadcrumb":{"@id":"https:\/\/val-david.alabordage.ca\/en\/declaration-de-confidentialite\/#breadcrumb"},"inLanguage":"en-US","potentialAction":[{"@type":"ReadAction","target":["https:\/\/val-david.alabordage.ca\/en\/declaration-de-confidentialite\/"]}]},{"@type":"BreadcrumbList","@id":"https:\/\/val-david.alabordage.ca\/en\/declaration-de-confidentialite\/#breadcrumb","itemListElement":[{"@type":"ListItem","position":1,"name":"Accueil","item":"https:\/\/val-david.alabordage.ca\/"},{"@type":"ListItem","position":2,"name":"Confidentiality declaration"}]},{"@type":"WebSite","@id":"https:\/\/val-david.alabordage.ca\/#website","url":"https:\/\/val-david.alabordage.ca\/","name":"Val-david","description":"Un site utilisant \u00c0 l'abordage sites Web","potentialAction":[{"@type":"SearchAction","target":{"@type":"EntryPoint","urlTemplate":"https:\/\/val-david.alabordage.ca\/?s={search_term_string}"},"query-input":{"@type":"PropertyValueSpecification","valueRequired":true,"valueName":"search_term_string"}}],"inLanguage":"en-US"}]}},"_links":{"self":[{"href":"https:\/\/val-david.alabordage.ca\/en\/wp-json\/wp\/v2\/pages\/2316","targetHints":{"allow":["GET"]}}],"collection":[{"href":"https:\/\/val-david.alabordage.ca\/en\/wp-json\/wp\/v2\/pages"}],"about":[{"href":"https:\/\/val-david.alabordage.ca\/en\/wp-json\/wp\/v2\/types\/page"}],"author":[{"embeddable":true,"href":"https:\/\/val-david.alabordage.ca\/en\/wp-json\/wp\/v2\/users\/1"}],"replies":[{"embeddable":true,"href":"https:\/\/val-david.alabordage.ca\/en\/wp-json\/wp\/v2\/comments?post=2316"}],"version-history":[{"count":2,"href":"https:\/\/val-david.alabordage.ca\/en\/wp-json\/wp\/v2\/pages\/2316\/revisions"}],"predecessor-version":[{"id":2318,"href":"https:\/\/val-david.alabordage.ca\/en\/wp-json\/wp\/v2\/pages\/2316\/revisions\/2318"}],"wp:attachment":[{"href":"https:\/\/val-david.alabordage.ca\/en\/wp-json\/wp\/v2\/media?parent=2316"}],"curies":[{"name":"wp","href":"https:\/\/api.w.org\/{rel}","templated":true}]}}