{"id":575,"date":"2016-07-06T14:39:01","date_gmt":"2016-07-06T13:39:01","guid":{"rendered":"http:\/\/www.activites-plein-air-laurentides.com\/?page_id=575&#038;lang=en"},"modified":"2023-04-08T18:37:51","modified_gmt":"2023-04-08T17:37:51","slug":"contact-us","status":"publish","type":"page","link":"https:\/\/val-david.alabordage.ca\/en\/contact-us\/","title":{"rendered":"Contact us"},"content":{"rendered":"<div class=\"wtrNoItemStream wtrShtAlertBox wtrRadius3\"><h6 class=\"wtrNoItemStreamHeadline\">THIS TYPE OF ROW DOESN\u2019T WORK ON A PAGE WITH A SIDEBAR. PLEASE CHANGE THE TYPE OF ROW TO BOXED OR REMOVE THE SIDEBAR.<\/h6><\/div><div class=\"wtrNoItemStream wtrShtAlertBox wtrRadius3\"><h6 class=\"wtrNoItemStreamHeadline\">THIS TYPE OF ROW DOESN\u2019T WORK ON A PAGE WITH A SIDEBAR. PLEASE CHANGE THE TYPE OF ROW TO BOXED OR REMOVE THE SIDEBAR.<\/h6><\/div><div class=\"wtrNoItemStream wtrShtAlertBox wtrRadius3\"><h6 class=\"wtrNoItemStreamHeadline\">THIS TYPE OF ROW DOESN\u2019T WORK ON A PAGE WITH A SIDEBAR. PLEASE CHANGE THE TYPE OF ROW TO BOXED OR REMOVE THE SIDEBAR.<\/h6><\/div><div class=\"wtrNoItemStream wtrShtAlertBox wtrRadius3\"><h6 class=\"wtrNoItemStreamHeadline\">THIS TYPE OF ROW DOESN\u2019T WORK ON A PAGE WITH A SIDEBAR. PLEASE CHANGE THE TYPE OF ROW TO BOXED OR REMOVE THE SIDEBAR.<\/h6><\/div><div   class=\"wtrSht wtrStandardRow wtrShtBoxedWidth wtrNoAboveMenuRow wtrNoAutoHeightColumns  \"  ><div class=\"wtrSht \" style=\"background-color: #ffffff;\" ><div class=\"wtrPageContent vcRow wtrMargin clearfix\">\n\t<div  class=\"wtrStandardColumn  wtrNoRoundedCornersColumn vc_col-sm-12 wpb_column vc_column_container \"  >\n\t\t<div  class=\"wpb_wrapper  \">\n\t\t\t[vc_custom_heading text=&#8221;CONTACT US&#8221; font_container=&#8221;tag:h1|text_align:left|color:%230eaea8&#8243; use_theme_fonts=&#8221;yes&#8221;]<div  class=\"wtrSht wtrRowInner wtrNoAutoHeightColumns wtrMargin  \"  ><div class=\"wtrPageContent vcRow clearfix\">\n\t<div  class=\"wtrInnerColumn vc_col-sm-8 wtrNoRoundedCornersColumn vc_col-sm-12 wpb_column vc_column_container \"  >\n\t\t<div  class=\"wpb_wrapper  \">\n\t\t\t[vc_single_image image=&#8221;554&#8243; img_size=&#8221;750&#215;500&#8243; alignment=&#8221;center&#8221;]\n\t<div class=\"wpb_text_column wpb_content_element \" >\n\t\t<div class=\"wpb_wrapper\">\n\t\t\t<h2>\u00c0<span style=\"color: #000000;\"> L&#8217;ABORDAGE!<\/span><\/h2>\n<p>2268, rue de l&#8217;\u00c9glise, Val-David, Qu\u00e9bec, J0T 2N0<\/p>\n<p>&nbsp;<\/p>\n<p>Phone (June to September):<br \/>\n<strong>819-322-1234<\/strong><\/p>\n<p>&nbsp;<\/p>\n<p>Information (non-urgent requests):<\/p>\n<p><em>Let us know that it is regarding our Val-David location!<\/em><\/p>\n<p>&nbsp;<\/p>\n<p><strong>Cancellations or modifications, more than 24 hours prior to the activity, can be made by calling us.<\/strong><\/p>\n<p>&nbsp;<\/p>\n<p><a href=\"mailto:locationcanotkayak@gmail.com\">locationcanotkayak@gmail.com <\/a><\/p>\n\n\t\t<\/div> \n\t<\/div> [vc_custom_heading text=&#8221;Follow us:&#8221; font_container=&#8221;tag:h4|text_align:left|color:%23000000&#8243; use_theme_fonts=&#8221;yes&#8221;]\n\t<div class=\"wpb_text_column wpb_content_element \" >\n\t\t<div class=\"wpb_wrapper\">\n\t\t\t<p><a href=\"https:\/\/vimeo.com\/164765695\" target=\"_blank\"><i style=\"color:#0059b5;font-size:50px;\"  class=\"fa fa-vimeo-square  \" ><\/i><\/a>\u00a0 <a href=\"https:\/\/www.facebook.com\/alabordage.canotkayak\/\" target=\"_blank\"><i style=\"color:#0059b5;font-size:50px;\"  class=\"fa fa-facebook-square  \" ><\/i><\/a>\u00a0 <a href=\"https:\/\/www.youtube.com\/channel\/UC0aIXi9tydcBSjFd0axMjBA\/videos\" target=\"_blank\"><i style=\"color:#0059b5;font-size:50px;\"  class=\"fa fa-youtube-square  \" ><\/i><\/a>\u00a0 <a href=\"https:\/\/www.instagram.com\/alabordage_canotkayak\/\" target=\"_blank\"><i style=\"color:#0059b5;font-size:50px;\"  class=\"fa fa-instagram  \" ><\/i><\/a><\/p>\n\n\t\t<\/div> \n\t<\/div> \n\t\t<\/div> \n\t<\/div> \n\t<div  class=\"wtrInnerColumn vc_col-sm-4 wtrNoRoundedCornersColumn vc_col-sm-12 wpb_column vc_column_container \"  >\n\t\t<div  class=\"wpb_wrapper  \">\n\t\t\t[vc_custom_heading text=&#8221;VIDEO&#8221; font_container=&#8221;tag:h4|text_align:left|color:%23000000&#8243; use_theme_fonts=&#8221;yes&#8221;][vc_empty_space height=&#8221;10px&#8221;]<div class=\"video-sizer   \" style=\"max-width:420px; max-height:315px;\" ><div class=\"video-container\"><iframe loading=\"lazy\" style=\"border:0;\" src=\"https:\/\/www.youtube.com\/embed\/I3_hVJzkrDs?modestbranding=0&autoplay=1&amp;controls=1&amp;showinfo=1&amp;rel=1&amp;theme=dark&amp;color=red&amp;vq=medium \" height=\"315\" width=\"420\" allowfullscreen=\"\"><\/iframe><\/div><\/div>[vc_empty_space height=&#8221;40px&#8221;][vc_single_image image=&#8221;1070&#8243; img_size=&#8221;medium&#8221; alignment=&#8221;center&#8221; onclick=&#8221;custom_link&#8221; img_link_target=&#8221;_blank&#8221; link=&#8221;Https:\/\/www.tripadvisor.ca\/Attraction_Review-g182157-d12191812-Reviews-A_l_Abordage-Val_David_Quebec.html&#8221; css=&#8221;.vc_custom_1592855043817{padding-top: 20px !important;padding-right: 20px !important;padding-bottom: 20px !important;padding-left: 20px !important;}&#8221;]\n\t\t<\/div> \n\t<\/div> <\/div><\/div>\n\t\t<\/div> \n\t<\/div> <\/div><\/div><\/div><div   class=\"wtrSht wtrStandardRow wtrShtBoxedWidth wtrNoAboveMenuRow wtrNoAutoHeightColumns  \"  ><div class=\"wtrSht \" style=\"background-color: #ffffff;\" ><div class=\"wtrPageContent vcRow wtrMargin clearfix\">\n\t<div  class=\"wtrStandardColumn  wtrNoRoundedCornersColumn vc_col-sm-12 wpb_column vc_column_container \"  >\n\t\t<div  class=\"wpb_wrapper  vc_custom_1462546042891  \">\n\t\t\t[vc_separator border_width=&#8221;2&#8243;]\n\t<div class=\"wpb_text_column wpb_content_element \" >\n\t\t<div class=\"wpb_wrapper\">\n\t\t\t<p><b>\u00c0 L\u2019ABORDAGE IS INVOLVED IN THE COMMUNITY:<\/b><\/p>\n<p>&nbsp;<\/p>\n<p>By providing boats every year, free of charge, for volunteer citizens who participate in the removal of debris from the river. This activity is organized by the Optimist Club of Val-David\/Val-Morin during the first weekend in June.<\/p>\n<p>&nbsp;<\/p>\n<p>By providing canoes every year, free of charge, to students of the Polyvalente des Monts (Ste\u2013Agathe des Monts) who participate in a study on the measured impact of human activities on the Riviere du Nord.<\/p>\n\n\t\t<\/div> \n\t<\/div> [vc_empty_space height=&#8221;40px&#8221;]\n\t\t<\/div> \n\t<\/div> <\/div><\/div><\/div><div   class=\"wtrSht wtrStandardRow wtrShtBoxedWidth wtrNoAboveMenuRow wtrNoAutoHeightColumns  \"  ><div class=\"wtrSht \" style=\"background-color: #ffffff;\" ><div class=\"wtrPageContent vcRow wtrMargin clearfix\">\n\t<div  class=\"wtrStandardColumn  wtrNoRoundedCornersColumn vc_col-sm-12 wpb_column vc_column_container \"  >\n\t\t<div  class=\"wpb_wrapper  \">\n\t\t\t\n\t\t<\/div> \n\t<\/div> <\/div><\/div><\/div>\n","protected":false},"excerpt":{"rendered":"THIS TYPE OF ROW DOESN\u2019T WORK ON A PAGE WITH A SIDEBAR. PLEASE CHANGE THE TYPE OF ROW TO BOXED OR REMOVE THE SIDEBAR.THIS TYPE OF ROW DOESN\u2019T WORK ON A PAGE WITH A SIDEBAR. PLEASE CHANGE THE TYPE OF ROW TO BOXED OR REMOVE THE SIDEBAR.THIS TYPE OF ROW DOESN\u2019T WORK ON A PAGE WITH A SIDEBAR. PLEASE CHANGE THE TYPE OF ROW TO BOXED OR REMOVE THE SIDEBAR.THIS TYPE OF ROW DOESN\u2019T WORK ON A PAGE WITH A SIDEBAR. PLEASE CHANGE THE TYPE OF ROW TO BOXED OR REMOVE THE SIDEBAR. [vc_custom_heading text=\"CONTACT US\" font_container=\"tag:h1|text_align:left|color:%230eaea8\" use_theme_fonts=\"yes\"] [vc_single_image image=\"554\" img_size=\"750x500\" alignment=\"center\"] \u00c0 L'ABORDAGE! 2268, rue de l'\u00c9glise, Val-David, Qu\u00e9bec, J0T 2N0 &nbsp; Phone (June to September): 819-322-1234 &nbsp; Information (non-urgent requests): Let us know that it is regarding our Val-David location! &nbsp; Cancellations or modifications, more than 24 hours prior to the activity, can be made by calling us. &nbsp; locationcanotkayak@gmail.com [vc_custom_heading text=\"Follow us:\" font_container=\"tag:h4|text_align:left|color:%23000000\" use_theme_fonts=\"yes\"] \u00a0 \u00a0 \u00a0 [vc_custom_heading text=\"VIDEO\" font_container=\"tag:h4|text_align:left|color:%23000000\" use_theme_fonts=\"yes\"][vc_empty_space height=\"10px\"][vc_empty_space height=\"40px\"][vc_single_image image=\"1070\" img_size=\"medium\" alignment=\"center\" onclick=\"custom_link\" img_link_target=\"_blank\" link=\"Https:\/\/www.tripadvisor.ca\/Attraction_Review-g182157-d12191812-Reviews-A_l_Abordage-Val_David_Quebec.html\" css=\".vc_custom_1592855043817{padding-top: 20px !important;padding-right: 20px !important;padding-bottom: 20px !important;padding-left: 20px !important;}\"] [vc_separator border_width=\"2\"] \u00c0 L\u2019ABORDAGE IS INVOLVED IN THE COMMUNITY: &nbsp; By providing boats every year, free of charge, for volunteer citizens who participate in the removal of debris from the river. This activity is organized by the Optimist Club of Val-David\/Val-Morin during the first weekend in June. &nbsp; By providing canoes every year, free of charge, to students of the Polyvalente des Monts (Ste\u2013Agathe des Monts) who participate in a study on the measured impact of human activities on the Riviere du Nord. [vc_empty_space height=\"40px\"]","protected":false},"author":2,"featured_media":0,"parent":0,"menu_order":7,"comment_status":"closed","ping_status":"closed","template":"","meta":{"footnotes":""},"class_list":["post-575","page","type-page","status-publish","hentry"],"yoast_head":"<!-- This site is optimized with the Yoast SEO plugin v27.3 - https:\/\/yoast.com\/product\/yoast-seo-wordpress\/ -->\n<title>Contact us - Val-david<\/title>\n<meta name=\"description\" content=\"2268, rue de l&#039;\u00c9glise, Val-David, Qu\u00e9bec, J0T 2N0 Phone (May to October): 819-322-1234. E-mail: locationcanotkayak@gmail.com\" \/>\n<meta name=\"robots\" content=\"index, follow, max-snippet:-1, max-image-preview:large, max-video-preview:-1\" \/>\n<link rel=\"canonical\" href=\"https:\/\/val-david.alabordage.ca\/en\/contact-us\/\" \/>\n<meta property=\"og:locale\" content=\"en_US\" \/>\n<meta property=\"og:type\" content=\"article\" \/>\n<meta property=\"og:title\" content=\"Contact us - Val-david\" \/>\n<meta property=\"og:description\" content=\"2268, rue de l&#039;\u00c9glise, Val-David, Qu\u00e9bec, J0T 2N0 Phone (May to October): 819-322-1234. E-mail: locationcanotkayak@gmail.com\" \/>\n<meta property=\"og:url\" content=\"https:\/\/val-david.alabordage.ca\/en\/contact-us\/\" \/>\n<meta property=\"og:site_name\" content=\"Val-david\" \/>\n<meta property=\"article:modified_time\" content=\"2023-04-08T17:37:51+00:00\" \/>\n<meta name=\"twitter:card\" content=\"summary_large_image\" \/>\n<meta name=\"twitter:label1\" content=\"Est. reading time\" \/>\n\t<meta name=\"twitter:data1\" content=\"2 minutes\" \/>\n<script type=\"application\/ld+json\" class=\"yoast-schema-graph\">{\"@context\":\"https:\\\/\\\/schema.org\",\"@graph\":[{\"@type\":\"WebPage\",\"@id\":\"https:\\\/\\\/val-david.alabordage.ca\\\/en\\\/contact-us\\\/\",\"url\":\"https:\\\/\\\/val-david.alabordage.ca\\\/en\\\/contact-us\\\/\",\"name\":\"Contact us - Val-david\",\"isPartOf\":{\"@id\":\"https:\\\/\\\/val-david.alabordage.ca\\\/#website\"},\"datePublished\":\"2016-07-06T13:39:01+00:00\",\"dateModified\":\"2023-04-08T17:37:51+00:00\",\"description\":\"2268, rue de l'\u00c9glise, Val-David, Qu\u00e9bec, J0T 2N0 Phone (May to October): 819-322-1234. E-mail: locationcanotkayak@gmail.com\",\"breadcrumb\":{\"@id\":\"https:\\\/\\\/val-david.alabordage.ca\\\/en\\\/contact-us\\\/#breadcrumb\"},\"inLanguage\":\"en-US\",\"potentialAction\":[{\"@type\":\"ReadAction\",\"target\":[\"https:\\\/\\\/val-david.alabordage.ca\\\/en\\\/contact-us\\\/\"]}]},{\"@type\":\"BreadcrumbList\",\"@id\":\"https:\\\/\\\/val-david.alabordage.ca\\\/en\\\/contact-us\\\/#breadcrumb\",\"itemListElement\":[{\"@type\":\"ListItem\",\"position\":1,\"name\":\"Accueil\",\"item\":\"https:\\\/\\\/val-david.alabordage.ca\\\/\"},{\"@type\":\"ListItem\",\"position\":2,\"name\":\"Contact us\"}]},{\"@type\":\"WebSite\",\"@id\":\"https:\\\/\\\/val-david.alabordage.ca\\\/#website\",\"url\":\"https:\\\/\\\/val-david.alabordage.ca\\\/\",\"name\":\"Val-david\",\"description\":\"Un site utilisant \u00c0 l'abordage sites Web\",\"potentialAction\":[{\"@type\":\"SearchAction\",\"target\":{\"@type\":\"EntryPoint\",\"urlTemplate\":\"https:\\\/\\\/val-david.alabordage.ca\\\/?s={search_term_string}\"},\"query-input\":{\"@type\":\"PropertyValueSpecification\",\"valueRequired\":true,\"valueName\":\"search_term_string\"}}],\"inLanguage\":\"en-US\"}]}<\/script>\n<!-- \/ Yoast SEO plugin. -->","yoast_head_json":{"title":"Contact us - Val-david","description":"2268, rue de l'\u00c9glise, Val-David, Qu\u00e9bec, J0T 2N0 Phone (May to October): 819-322-1234. E-mail: locationcanotkayak@gmail.com","robots":{"index":"index","follow":"follow","max-snippet":"max-snippet:-1","max-image-preview":"max-image-preview:large","max-video-preview":"max-video-preview:-1"},"canonical":"https:\/\/val-david.alabordage.ca\/en\/contact-us\/","og_locale":"en_US","og_type":"article","og_title":"Contact us - Val-david","og_description":"2268, rue de l'\u00c9glise, Val-David, Qu\u00e9bec, J0T 2N0 Phone (May to October): 819-322-1234. E-mail: locationcanotkayak@gmail.com","og_url":"https:\/\/val-david.alabordage.ca\/en\/contact-us\/","og_site_name":"Val-david","article_modified_time":"2023-04-08T17:37:51+00:00","twitter_card":"summary_large_image","twitter_misc":{"Est. reading time":"2 minutes"},"schema":{"@context":"https:\/\/schema.org","@graph":[{"@type":"WebPage","@id":"https:\/\/val-david.alabordage.ca\/en\/contact-us\/","url":"https:\/\/val-david.alabordage.ca\/en\/contact-us\/","name":"Contact us - Val-david","isPartOf":{"@id":"https:\/\/val-david.alabordage.ca\/#website"},"datePublished":"2016-07-06T13:39:01+00:00","dateModified":"2023-04-08T17:37:51+00:00","description":"2268, rue de l'\u00c9glise, Val-David, Qu\u00e9bec, J0T 2N0 Phone (May to October): 819-322-1234. E-mail: locationcanotkayak@gmail.com","breadcrumb":{"@id":"https:\/\/val-david.alabordage.ca\/en\/contact-us\/#breadcrumb"},"inLanguage":"en-US","potentialAction":[{"@type":"ReadAction","target":["https:\/\/val-david.alabordage.ca\/en\/contact-us\/"]}]},{"@type":"BreadcrumbList","@id":"https:\/\/val-david.alabordage.ca\/en\/contact-us\/#breadcrumb","itemListElement":[{"@type":"ListItem","position":1,"name":"Accueil","item":"https:\/\/val-david.alabordage.ca\/"},{"@type":"ListItem","position":2,"name":"Contact us"}]},{"@type":"WebSite","@id":"https:\/\/val-david.alabordage.ca\/#website","url":"https:\/\/val-david.alabordage.ca\/","name":"Val-david","description":"Un site utilisant \u00c0 l'abordage sites Web","potentialAction":[{"@type":"SearchAction","target":{"@type":"EntryPoint","urlTemplate":"https:\/\/val-david.alabordage.ca\/?s={search_term_string}"},"query-input":{"@type":"PropertyValueSpecification","valueRequired":true,"valueName":"search_term_string"}}],"inLanguage":"en-US"}]}},"_links":{"self":[{"href":"https:\/\/val-david.alabordage.ca\/en\/wp-json\/wp\/v2\/pages\/575","targetHints":{"allow":["GET"]}}],"collection":[{"href":"https:\/\/val-david.alabordage.ca\/en\/wp-json\/wp\/v2\/pages"}],"about":[{"href":"https:\/\/val-david.alabordage.ca\/en\/wp-json\/wp\/v2\/types\/page"}],"author":[{"embeddable":true,"href":"https:\/\/val-david.alabordage.ca\/en\/wp-json\/wp\/v2\/users\/2"}],"replies":[{"embeddable":true,"href":"https:\/\/val-david.alabordage.ca\/en\/wp-json\/wp\/v2\/comments?post=575"}],"version-history":[{"count":4,"href":"https:\/\/val-david.alabordage.ca\/en\/wp-json\/wp\/v2\/pages\/575\/revisions"}],"predecessor-version":[{"id":2080,"href":"https:\/\/val-david.alabordage.ca\/en\/wp-json\/wp\/v2\/pages\/575\/revisions\/2080"}],"wp:attachment":[{"href":"https:\/\/val-david.alabordage.ca\/en\/wp-json\/wp\/v2\/media?parent=575"}],"curies":[{"name":"wp","href":"https:\/\/api.w.org\/{rel}","templated":true}]}}